{"id":13,"date":"2013-06-06T11:11:46","date_gmt":"2013-06-06T09:11:46","guid":{"rendered":"http:\/\/aeroclub-du-rouergue.com\/WordPress3\/?page_id=13"},"modified":"2021-07-25T10:30:02","modified_gmt":"2021-07-25T08:30:02","slug":"le-terrain","status":"publish","type":"page","link":"https:\/\/aeroclub-du-rouergue.com\/WordPress3\/le-terrain\/","title":{"rendered":"LE TERRAIN"},"content":{"rendered":"<blockquote>\n<blockquote>\n<p align=\"center\"><span style=\"color: #4d7ec1; font-family: Geneva,Arial,Helvetica,san-serif; font-size: medium;\"><span style=\"color: #4d7ec1; font-family: Geneva,Arial,Helvetica,san-serif; font-size: medium;\"><span style=\"color: #4d7ec1; font-family: Geneva,Arial,Helvetica,san-serif; font-size: medium;\"><b><img loading=\"lazy\" decoding=\"async\" alt=\"\" src=\"http:\/\/www.aeroclub-du-rouergue.com\/AeroClubOld\/\/images_avions\/450\/aeroclub05.jpg\" width=\"450\" height=\"300\" \/><\/b><\/span><\/span><\/span><\/p>\n<p><span style=\"color: #4d7ec1; font-family: Geneva,Arial,Helvetica,san-serif; font-size: medium;\"><span style=\"color: #4d7ec1; font-family: Geneva,Arial,Helvetica,san-serif; font-size: medium;\"><b>Plateforme<\/b><\/span><\/span><\/p>\n<p align=\"left\"><span style=\"color: #4d7ec1; font-family: Geneva,Arial,Helvetica,san-serif; font-size: medium;\"><span style=\"color: #000000; font-size: small;\"><b>Villefranche de Rouergue &#8211; LFCV<\/b><br \/>\nPiste en herbe : 1030 m\u00e8tres<br \/>\nAltitude : 1104 ft<br \/>\nCoordonn\u00e9es : LAT 44 22 08 N &#8211; LONG 002 01 37 E<\/span><\/span><\/p>\n<p align=\"center\"><span style=\"color: #4d7ec1; font-family: Geneva,Arial,Helvetica,san-serif; font-size: medium;\"><span style=\"color: #4d7ec1; font-family: Geneva,Arial,Helvetica,san-serif; font-size: medium;\"><span style=\"color: #4d7ec1; font-family: Geneva,Arial,Helvetica,san-serif; font-size: medium;\"><img loading=\"lazy\" decoding=\"async\" alt=\"\" src=\"http:\/\/www.aeroclub-du-rouergue.com\/AeroClubOld\/\/images_avions\/450\/aeroclub_rouergue03.jpg\" width=\"450\" height=\"300\" \/><\/span><\/span><\/span><\/p>\n<p align=\"center\"><img loading=\"lazy\" decoding=\"async\" alt=\"\" src=\"http:\/\/www.aeroclub-du-rouergue.com\/AeroClubOld\/\/images_avions\/450\/aeroclub_rouergue04.jpg\" width=\"450\" height=\"300\" \/><\/p>\n<p><b><span style=\"color: #4d7ec1; font-family: Geneva,Arial,Helvetica,san-serif; font-size: medium;\">Fr\u00e9quence radio :<span style=\"color: #000000; font-size: small;\"><span class=\"Apple-converted-space\">\u00a0<\/span><\/span><\/span><\/b><span style=\"color: #4d7ec1; font-family: Geneva,Arial,Helvetica,san-serif; font-size: medium;\"><span style=\"color: #000000; font-size: small;\">123.5 mHz<\/span><\/span><\/p>\n<p align=\"center\"><img loading=\"lazy\" decoding=\"async\" alt=\"\" src=\"http:\/\/www.aeroclub-du-rouergue.com\/AeroClubOld\/\/images_avions\/450\/aeroclub15.jpg\" width=\"450\" height=\"224\" \/><\/p>\n<p><b><span style=\"color: #4d7ec1; font-family: Geneva,Arial,Helvetica,san-serif; font-size: medium;\">Situation :<br \/>\n<\/span><\/b><span style=\"color: #4d7ec1; font-family: Geneva,Arial,Helvetica,san-serif; font-size: medium;\"><span style=\"color: #000000; font-size: small;\">L&rsquo;a\u00e9rodrome est situ\u00e9 \u00e0 2 km NNW de Villefranche de Rouergue (12 &#8211; Aveyron).<\/span><\/span><\/p>\n<p align=\"center\"><span style=\"color: #4d7ec1; font-family: Geneva,Arial,Helvetica,san-serif; font-size: medium;\"><span style=\"color: #000000; font-size: small;\"><img loading=\"lazy\" decoding=\"async\" alt=\"\" src=\"http:\/\/www.aeroclub-du-rouergue.com\/AeroClubOld\/\/images_avions\/vac_lfcv.jpg\" width=\"550\" height=\"864\" \/><\/span><\/span><\/p>\n<p><b><span style=\"color: #4d7ec1; font-family: Geneva,Arial,Helvetica,san-serif; font-size: medium;\">Conditions g\u00e9n\u00e9rales d&rsquo;utilisation de l&rsquo;a\u00e9rodrome :<br \/>\n<\/span><\/b><span style=\"color: #4d7ec1; font-family: Geneva,Arial,Helvetica,san-serif; font-size: medium;\"><span style=\"color: #000000; font-size: small;\">Par temps de pluie, utiliser le c\u00f4t\u00e9 ouest de la piste.<br \/>\nPiste inutilisable par fortes chutes de pluie ou de neige, se renseigner aupr\u00e8s du BIA de Toulouse Blagnac ou du pr\u00e9sident du club.<span class=\"Apple-converted-space\">\u00a0<\/span><br \/>\n<\/span><span style=\"color: #000000; font-size: small;\"><br \/>\n<\/span><\/span><\/p>\n<p><b><span style=\"color: #4d7ec1; font-family: Geneva,Arial,Helvetica,san-serif; font-size: medium;\">Proc\u00e9dures et consignes particuli\u00e8res :<br \/>\n<\/span><\/b><span style=\"color: #4d7ec1; font-family: Geneva,Arial,Helvetica,san-serif; font-size: medium;\"><span style=\"color: #000000; font-size: small;\">QFU 310 pr\u00e9f\u00e9rentiel pour cause de nuisances sonores et pente montante de la piste<br \/>\nAu QFU 310, adopter un plan de descente de 5.5\u00b0 (9.62%) permettant le survol des obstacles en s\u00e9curit\u00e9.<\/span><\/span><span style=\"font-family: Geneva,Arial,Helvetica,san-serif; font-size: small;\"><br \/>\nRoulage interdit hors piste et TWY.<\/span><\/p>\n<p align=\"center\"><img loading=\"lazy\" decoding=\"async\" alt=\"\" src=\"http:\/\/www.aeroclub-du-rouergue.com\/AeroClubOld\/\/images_avions\/450\/aeroclub16.jpg\" width=\"450\" height=\"316\" \/><\/p>\n<p><b><span style=\"color: #4d7ec1; font-family: Geneva,Arial,Helvetica,san-serif; font-size: medium;\">Activit\u00e9 diverses :<br \/>\n<\/span><\/b><span style=\"color: #4d7ec1; font-family: Geneva,Arial,Helvetica,san-serif; font-size: medium;\"><span style=\"color: #000000; font-size: small;\">Activit\u00e9 de voltige sur AD n\u00b0 6707, SR-SS, 6000 ft AMSL \/<span class=\"Apple-converted-space\">\u00a0<\/span><\/span><span style=\"color: #4d7ec1; font-family: Geneva,Arial,Helvetica,san-serif; font-size: medium;\"><span style=\"color: #000000; font-size: small;\">3000 ft AMSL. Activit\u00e9 r\u00e9elle connue de RODEZ APP 123.375 et RODEZ TWR 118.125<br \/>\n<\/span><span style=\"color: #4d7ec1; font-family: Geneva,Arial,Helvetica,san-serif; font-size: medium;\"><span style=\"color: #000000; font-size: small;\">Activit\u00e9 de voltige sur AD n\u00b0 6708, SR-SS, 6000 ft AMSL \/<span class=\"Apple-converted-space\">\u00a0<\/span><\/span><span style=\"color: #4d7ec1; font-family: Geneva,Arial,Helvetica,san-serif; font-size: medium;\"><span style=\"color: #000000; font-size: small;\">3000 ft AMSL. Activit\u00e9 r\u00e9elle connue de RODEZ APP 123.375 et RODEZ TWR 118.125<\/span><\/span><\/span><\/span><\/span><\/p><\/blockquote>\n<\/blockquote>\n<blockquote>\n<blockquote><p><span style=\"color: #4d7ec1; font-family: Geneva,Arial,Helvetica,san-serif; font-size: medium;\"><span style=\"color: #000000; font-size: small;\">Vous avez la possibilit\u00e9 de t\u00e9l\u00e9charger au format pdf la<span class=\"Apple-converted-space\">\u00a0<\/span><\/span><b>carte VAC<span class=\"Apple-converted-space\">\u00a0<\/span><\/b><span style=\"color: #000000; font-size: small;\"><a href=\"http:\/\/www.sia.aviation-civile.gouv.fr\/html\/frameset_aip_fr.htm\" target=\"_blank\" rel=\"noopener\">sur le site du SIA.<\/a><\/span><\/span><\/p>\n<p>&nbsp;<\/p>\n<p align=\"center\">\n<\/blockquote>\n<\/blockquote>\n","protected":false},"excerpt":{"rendered":"<p>Plateforme Villefranche de Rouergue &#8211; LFCV Piste en herbe : 1030 m\u00e8tres Altitude : 1104 ft Coordonn\u00e9es : LAT 44 22 08 N &#8211; LONG 002 01 37 E Fr\u00e9quence radio :\u00a0123.5 mHz Situation : L&rsquo;a\u00e9rodrome est situ\u00e9 \u00e0 2 km NNW de Villefranche de Rouergue (12 &#8211; Aveyron). Conditions g\u00e9n\u00e9rales d&rsquo;utilisation de l&rsquo;a\u00e9rodrome : [&hellip;]<\/p>\n","protected":false},"author":1,"featured_media":0,"parent":0,"menu_order":3,"comment_status":"open","ping_status":"closed","template":"","meta":{"ngg_post_thumbnail":0,"spay_email":"","footnotes":""},"class_list":["post-13","page","type-page","status-publish","hentry"],"_links":{"self":[{"href":"https:\/\/aeroclub-du-rouergue.com\/WordPress3\/wp-json\/wp\/v2\/pages\/13","targetHints":{"allow":["GET"]}}],"collection":[{"href":"https:\/\/aeroclub-du-rouergue.com\/WordPress3\/wp-json\/wp\/v2\/pages"}],"about":[{"href":"https:\/\/aeroclub-du-rouergue.com\/WordPress3\/wp-json\/wp\/v2\/types\/page"}],"author":[{"embeddable":true,"href":"https:\/\/aeroclub-du-rouergue.com\/WordPress3\/wp-json\/wp\/v2\/users\/1"}],"replies":[{"embeddable":true,"href":"https:\/\/aeroclub-du-rouergue.com\/WordPress3\/wp-json\/wp\/v2\/comments?post=13"}],"version-history":[{"count":4,"href":"https:\/\/aeroclub-du-rouergue.com\/WordPress3\/wp-json\/wp\/v2\/pages\/13\/revisions"}],"predecessor-version":[{"id":1361,"href":"https:\/\/aeroclub-du-rouergue.com\/WordPress3\/wp-json\/wp\/v2\/pages\/13\/revisions\/1361"}],"wp:attachment":[{"href":"https:\/\/aeroclub-du-rouergue.com\/WordPress3\/wp-json\/wp\/v2\/media?parent=13"}],"curies":[{"name":"wp","href":"https:\/\/api.w.org\/{rel}","templated":true}]}}