{"id":1343,"date":"2022-09-14T22:11:14","date_gmt":"2022-09-14T20:11:14","guid":{"rendered":"https:\/\/aeroclub-du-rouergue.com\/WordPress3\/?page_id=1343"},"modified":"2022-10-11T22:07:08","modified_gmt":"2022-10-11T20:07:08","slug":"avion","status":"publish","type":"page","link":"https:\/\/aeroclub-du-rouergue.com\/WordPress3\/avion\/","title":{"rendered":"LES AVIONS"},"content":{"rendered":"<p>&nbsp;<\/p>\n<h4 class=\"title\">L&rsquo;A\u00e9roclub du Rouergue est affili\u00e9 \u00e0 la F\u00e9d\u00e9ration Fran\u00e7aise A\u00e9ronautique. Ecole de Pilotage Agr\u00e9e DTO n\u00b0FR.DTO.0591.<\/h4>\n<p>&nbsp;<\/p>\n\n\n<figure class=\"wp-block-image size-large\"><img loading=\"lazy\" decoding=\"async\" width=\"1024\" height=\"664\" src=\"https:\/\/aeroclub-du-rouergue.com\/WordPress3\/wp-content\/uploads\/2022\/10\/P1040557-1024x664.jpg\" alt=\"\" class=\"wp-image-1726\" srcset=\"https:\/\/aeroclub-du-rouergue.com\/WordPress3\/wp-content\/uploads\/2022\/10\/P1040557-1024x664.jpg 1024w, https:\/\/aeroclub-du-rouergue.com\/WordPress3\/wp-content\/uploads\/2022\/10\/P1040557-300x195.jpg 300w, https:\/\/aeroclub-du-rouergue.com\/WordPress3\/wp-content\/uploads\/2022\/10\/P1040557-150x97.jpg 150w, https:\/\/aeroclub-du-rouergue.com\/WordPress3\/wp-content\/uploads\/2022\/10\/P1040557-768x498.jpg 768w, https:\/\/aeroclub-du-rouergue.com\/WordPress3\/wp-content\/uploads\/2022\/10\/P1040557-1536x996.jpg 1536w, https:\/\/aeroclub-du-rouergue.com\/WordPress3\/wp-content\/uploads\/2022\/10\/P1040557-2048x1329.jpg 2048w\" sizes=\"auto, (max-width: 1024px) 100vw, 1024px\" \/><figcaption><strong>ROBIN DR 400, 4 places, 160 CV.<br>Appareil rapide et confortable, utilis\u00e9 pour les vols d\u00e9couverte, l&rsquo;\u00e9cole et les voyages.<\/strong><\/figcaption><\/figure>\n\n\n\n<figure class=\"wp-block-image size-large\"><img loading=\"lazy\" decoding=\"async\" width=\"1024\" height=\"768\" src=\"https:\/\/aeroclub-du-rouergue.com\/WordPress3\/wp-content\/uploads\/2022\/10\/20221007_170540-1-1024x768.jpg\" alt=\"\" class=\"wp-image-1727\" srcset=\"https:\/\/aeroclub-du-rouergue.com\/WordPress3\/wp-content\/uploads\/2022\/10\/20221007_170540-1-1024x768.jpg 1024w, https:\/\/aeroclub-du-rouergue.com\/WordPress3\/wp-content\/uploads\/2022\/10\/20221007_170540-1-300x225.jpg 300w, https:\/\/aeroclub-du-rouergue.com\/WordPress3\/wp-content\/uploads\/2022\/10\/20221007_170540-1-150x113.jpg 150w, https:\/\/aeroclub-du-rouergue.com\/WordPress3\/wp-content\/uploads\/2022\/10\/20221007_170540-1-768x576.jpg 768w, https:\/\/aeroclub-du-rouergue.com\/WordPress3\/wp-content\/uploads\/2022\/10\/20221007_170540-1-1536x1152.jpg 1536w, https:\/\/aeroclub-du-rouergue.com\/WordPress3\/wp-content\/uploads\/2022\/10\/20221007_170540-1-2048x1536.jpg 2048w\" sizes=\"auto, (max-width: 1024px) 100vw, 1024px\" \/><figcaption><strong>JODEL DR 1053 &#8211; 3 places &#8211; 115 CV &#8211; pour les inconditionnels et nostalgiques du train classique<\/strong><\/figcaption><\/figure>\n\n\n\n<figure class=\"wp-block-image size-large\"><img loading=\"lazy\" decoding=\"async\" width=\"1024\" height=\"683\" src=\"https:\/\/aeroclub-du-rouergue.com\/WordPress3\/wp-content\/uploads\/2022\/10\/IMG_1754-1024x683.jpg\" alt=\"\" class=\"wp-image-1728\" srcset=\"https:\/\/aeroclub-du-rouergue.com\/WordPress3\/wp-content\/uploads\/2022\/10\/IMG_1754-1024x683.jpg 1024w, https:\/\/aeroclub-du-rouergue.com\/WordPress3\/wp-content\/uploads\/2022\/10\/IMG_1754-300x200.jpg 300w, https:\/\/aeroclub-du-rouergue.com\/WordPress3\/wp-content\/uploads\/2022\/10\/IMG_1754-150x100.jpg 150w, https:\/\/aeroclub-du-rouergue.com\/WordPress3\/wp-content\/uploads\/2022\/10\/IMG_1754-768x512.jpg 768w, https:\/\/aeroclub-du-rouergue.com\/WordPress3\/wp-content\/uploads\/2022\/10\/IMG_1754-1536x1024.jpg 1536w, https:\/\/aeroclub-du-rouergue.com\/WordPress3\/wp-content\/uploads\/2022\/10\/IMG_1754-2048x1365.jpg 2048w\" sizes=\"auto, (max-width: 1024px) 100vw, 1024px\" \/><figcaption><strong>\u00ab\u00a0b\u00e9b\u00e9\u00a0\u00bb JODEL D92 &#8211; L&rsquo;anc\u00eatre du club pour des vols plaisir \u00e0 petit prix<\/strong><\/figcaption><\/figure>\n\n\n\n<figure class=\"wp-block-image size-large\"><img loading=\"lazy\" decoding=\"async\" width=\"1024\" height=\"683\" src=\"https:\/\/aeroclub-du-rouergue.com\/WordPress3\/wp-content\/uploads\/2022\/10\/IMG_1969-1024x683.jpg\" alt=\"\" class=\"wp-image-1729\" srcset=\"https:\/\/aeroclub-du-rouergue.com\/WordPress3\/wp-content\/uploads\/2022\/10\/IMG_1969-1024x683.jpg 1024w, https:\/\/aeroclub-du-rouergue.com\/WordPress3\/wp-content\/uploads\/2022\/10\/IMG_1969-300x200.jpg 300w, https:\/\/aeroclub-du-rouergue.com\/WordPress3\/wp-content\/uploads\/2022\/10\/IMG_1969-150x100.jpg 150w, https:\/\/aeroclub-du-rouergue.com\/WordPress3\/wp-content\/uploads\/2022\/10\/IMG_1969-768x512.jpg 768w, https:\/\/aeroclub-du-rouergue.com\/WordPress3\/wp-content\/uploads\/2022\/10\/IMG_1969-1536x1024.jpg 1536w, https:\/\/aeroclub-du-rouergue.com\/WordPress3\/wp-content\/uploads\/2022\/10\/IMG_1969-2048x1365.jpg 2048w\" sizes=\"auto, (max-width: 1024px) 100vw, 1024px\" \/><figcaption><strong>ULM SUPER GUEPARD &#8211; 2 places &#8211; 100 CV &#8211; L\u00e9ger, rapide et polyvalent, utilis\u00e9 pour l&rsquo;\u00e9cole et les voyages<\/strong>.<\/figcaption><\/figure>\n","protected":false},"excerpt":{"rendered":"<p>&nbsp; L&rsquo;A\u00e9roclub du Rouergue est affili\u00e9 \u00e0 la F\u00e9d\u00e9ration Fran\u00e7aise A\u00e9ronautique. Ecole de Pilotage Agr\u00e9e DTO n\u00b0FR.DTO.0591. &nbsp;<\/p>\n","protected":false},"author":1,"featured_media":0,"parent":0,"menu_order":0,"comment_status":"closed","ping_status":"closed","template":"","meta":{"ngg_post_thumbnail":0,"spay_email":"","footnotes":""},"class_list":["post-1343","page","type-page","status-publish","hentry"],"_links":{"self":[{"href":"https:\/\/aeroclub-du-rouergue.com\/WordPress3\/wp-json\/wp\/v2\/pages\/1343","targetHints":{"allow":["GET"]}}],"collection":[{"href":"https:\/\/aeroclub-du-rouergue.com\/WordPress3\/wp-json\/wp\/v2\/pages"}],"about":[{"href":"https:\/\/aeroclub-du-rouergue.com\/WordPress3\/wp-json\/wp\/v2\/types\/page"}],"author":[{"embeddable":true,"href":"https:\/\/aeroclub-du-rouergue.com\/WordPress3\/wp-json\/wp\/v2\/users\/1"}],"replies":[{"embeddable":true,"href":"https:\/\/aeroclub-du-rouergue.com\/WordPress3\/wp-json\/wp\/v2\/comments?post=1343"}],"version-history":[{"count":8,"href":"https:\/\/aeroclub-du-rouergue.com\/WordPress3\/wp-json\/wp\/v2\/pages\/1343\/revisions"}],"predecessor-version":[{"id":1730,"href":"https:\/\/aeroclub-du-rouergue.com\/WordPress3\/wp-json\/wp\/v2\/pages\/1343\/revisions\/1730"}],"wp:attachment":[{"href":"https:\/\/aeroclub-du-rouergue.com\/WordPress3\/wp-json\/wp\/v2\/media?parent=1343"}],"curies":[{"name":"wp","href":"https:\/\/api.w.org\/{rel}","templated":true}]}}