{"id":1383,"date":"2021-07-25T12:39:29","date_gmt":"2021-07-25T10:39:29","guid":{"rendered":"https:\/\/aeroclub-du-rouergue.com\/WordPress3\/?page_id=1383"},"modified":"2026-03-17T16:26:01","modified_gmt":"2026-03-17T15:26:01","slug":"accueil","status":"publish","type":"page","link":"https:\/\/aeroclub-du-rouergue.com\/WordPress3\/","title":{"rendered":"ACCUEIL"},"content":{"rendered":"<div class=\"wp-block-image\">\n<figure class=\"alignleft size-full is-resized\"><img loading=\"lazy\" decoding=\"async\" width=\"559\" height=\"322\" src=\"https:\/\/aeroclub-du-rouergue.com\/WordPress3\/wp-content\/uploads\/2022\/04\/LOGO.png\" alt=\"\" class=\"wp-image-1567\" style=\"width:332px;height:192px\" srcset=\"https:\/\/aeroclub-du-rouergue.com\/WordPress3\/wp-content\/uploads\/2022\/04\/LOGO.png 559w, https:\/\/aeroclub-du-rouergue.com\/WordPress3\/wp-content\/uploads\/2022\/04\/LOGO-300x173.png 300w, https:\/\/aeroclub-du-rouergue.com\/WordPress3\/wp-content\/uploads\/2022\/04\/LOGO-150x86.png 150w, https:\/\/aeroclub-du-rouergue.com\/WordPress3\/wp-content\/uploads\/2022\/04\/LOGO-480x276.png 480w\" sizes=\"auto, (max-width: 559px) 100vw, 559px\" \/><\/figure>\n<\/div>\n\n\n<p><\/p>\n\n\n\n<p><\/p>\n\n\n\n<p><\/p>\n\n\n\n<p><\/p>\n\n\n\n<p class=\"has-text-align-left has-medium-font-size\">Vous voulez d\u00e9couvrir la r\u00e9gion vue du ciel<\/p>\n\n\n\n<p class=\"has-text-align-left has-medium-font-size\">Vous souhaitez apprendre \u00e0 piloter<\/p>\n\n\n\n<p class=\"has-text-align-left has-medium-font-size\">Vous \u00eates pilote avion ou ULM<\/p>\n\n\n\n<p><\/p>\n\n\n\n<p><\/p>\n\n\n\n<p class=\"has-text-align-right\" style=\"font-size:28px\"><strong>BIENVENUE A L&rsquo;AEROCLUB DU ROUERGUE<\/strong><\/p>\n\n\n\n<p><\/p>\n\n\n\n<figure class=\"wp-block-image size-large\"><img loading=\"lazy\" decoding=\"async\" width=\"1024\" height=\"652\" src=\"https:\/\/aeroclub-du-rouergue.com\/WordPress3\/wp-content\/uploads\/2022\/10\/P1010692-1-1024x652.jpg\" alt=\"\" class=\"wp-image-1721\" srcset=\"https:\/\/aeroclub-du-rouergue.com\/WordPress3\/wp-content\/uploads\/2022\/10\/P1010692-1-1024x652.jpg 1024w, https:\/\/aeroclub-du-rouergue.com\/WordPress3\/wp-content\/uploads\/2022\/10\/P1010692-1-300x191.jpg 300w, https:\/\/aeroclub-du-rouergue.com\/WordPress3\/wp-content\/uploads\/2022\/10\/P1010692-1-150x95.jpg 150w, https:\/\/aeroclub-du-rouergue.com\/WordPress3\/wp-content\/uploads\/2022\/10\/P1010692-1-768x489.jpg 768w, https:\/\/aeroclub-du-rouergue.com\/WordPress3\/wp-content\/uploads\/2022\/10\/P1010692-1-1536x977.jpg 1536w, https:\/\/aeroclub-du-rouergue.com\/WordPress3\/wp-content\/uploads\/2022\/10\/P1010692-1-2048x1303.jpg 2048w\" sizes=\"auto, (max-width: 1024px) 100vw, 1024px\" \/><figcaption class=\"wp-element-caption\">Villefranche de Rouergue<\/figcaption><\/figure>\n\n\n\n<p class=\"has-medium-font-size\"><\/p>\n\n\n\n<p class=\"has-medium-font-size\">R\u00e9ouverture du  RESTAURANT DE L&rsquo;AERODROME depuis le 1\u00b0 septembre 2025<\/p>\n\n\n\n<p>Contact : \u00ab\u00a0THE PELICAN&rsquo;S\u00a0\u00bb &#8211; 06 26 03 41 99<\/p>\n\n\n\n<p><strong>MANIFESTATION A VENIR<\/strong> &#8230;<\/p>\n\n\n\n<figure class=\"wp-block-image size-full\"><img loading=\"lazy\" decoding=\"async\" width=\"640\" height=\"427\" src=\"https:\/\/aeroclub-du-rouergue.com\/WordPress3\/wp-content\/uploads\/2026\/03\/page1image34202768.jpeg\" alt=\"\" class=\"wp-image-2012\" srcset=\"https:\/\/aeroclub-du-rouergue.com\/WordPress3\/wp-content\/uploads\/2026\/03\/page1image34202768.jpeg 640w, https:\/\/aeroclub-du-rouergue.com\/WordPress3\/wp-content\/uploads\/2026\/03\/page1image34202768-300x200.jpeg 300w, https:\/\/aeroclub-du-rouergue.com\/WordPress3\/wp-content\/uploads\/2026\/03\/page1image34202768-150x100.jpeg 150w\" sizes=\"auto, (max-width: 640px) 100vw, 640px\" \/><\/figure>\n","protected":false},"excerpt":{"rendered":"<p>Vous voulez d\u00e9couvrir la r\u00e9gion vue du ciel Vous souhaitez apprendre \u00e0 piloter Vous \u00eates pilote avion ou ULM BIENVENUE A L&rsquo;AEROCLUB DU ROUERGUE R\u00e9ouverture du RESTAURANT DE L&rsquo;AERODROME depuis le 1\u00b0 septembre 2025 Contact : \u00ab\u00a0THE PELICAN&rsquo;S\u00a0\u00bb &#8211; 06 26 03 41 99 MANIFESTATION A VENIR &#8230;<\/p>\n","protected":false},"author":1,"featured_media":0,"parent":0,"menu_order":0,"comment_status":"closed","ping_status":"closed","template":"","meta":{"ngg_post_thumbnail":0,"spay_email":"","footnotes":""},"class_list":["post-1383","page","type-page","status-publish","hentry"],"_links":{"self":[{"href":"https:\/\/aeroclub-du-rouergue.com\/WordPress3\/wp-json\/wp\/v2\/pages\/1383","targetHints":{"allow":["GET"]}}],"collection":[{"href":"https:\/\/aeroclub-du-rouergue.com\/WordPress3\/wp-json\/wp\/v2\/pages"}],"about":[{"href":"https:\/\/aeroclub-du-rouergue.com\/WordPress3\/wp-json\/wp\/v2\/types\/page"}],"author":[{"embeddable":true,"href":"https:\/\/aeroclub-du-rouergue.com\/WordPress3\/wp-json\/wp\/v2\/users\/1"}],"replies":[{"embeddable":true,"href":"https:\/\/aeroclub-du-rouergue.com\/WordPress3\/wp-json\/wp\/v2\/comments?post=1383"}],"version-history":[{"count":63,"href":"https:\/\/aeroclub-du-rouergue.com\/WordPress3\/wp-json\/wp\/v2\/pages\/1383\/revisions"}],"predecessor-version":[{"id":2013,"href":"https:\/\/aeroclub-du-rouergue.com\/WordPress3\/wp-json\/wp\/v2\/pages\/1383\/revisions\/2013"}],"wp:attachment":[{"href":"https:\/\/aeroclub-du-rouergue.com\/WordPress3\/wp-json\/wp\/v2\/media?parent=1383"}],"curies":[{"name":"wp","href":"https:\/\/api.w.org\/{rel}","templated":true}]}}