{"id":15,"date":"2013-06-06T11:12:22","date_gmt":"2013-06-06T09:12:22","guid":{"rendered":"http:\/\/aeroclub-du-rouergue.com\/WordPress3\/?page_id=15"},"modified":"2025-09-09T21:56:24","modified_gmt":"2025-09-09T19:56:24","slug":"les-services","status":"publish","type":"page","link":"https:\/\/aeroclub-du-rouergue.com\/WordPress3\/les-services\/","title":{"rendered":"Les services"},"content":{"rendered":"\n<figure class=\"wp-block-image\"><img decoding=\"async\" src=\"http:\/\/www.aeroclub-du-rouergue.com\/AeroClubOld\/\/images_avions\/450\/aeroclub10.jpg\" alt=\"\"\/><\/figure>\n\n\n\n<p><span style=\"font-family: Geneva,Arial,Helvetica,san-serif; font-size: small;\"><b><span style=\"color: #cc3300;\"><\/span><\/b><\/span><\/p>\n\n\n\n<p>Inscription au club<\/p>\n\n\n\n<figure class=\"wp-block-table\"><table class=\"has-fixed-layout\"><tbody><tr><td>\n<h4><span style=\"font-family: Geneva,Arial,Helvetica,san-serif; font-size: small;\">Si vous d\u00e9sirez r\u00e9aliser votre r\u00eave et apprendre \u00e0 voler :<br>&#8211; Avoir 15 ans r\u00e9volus le jour de l&rsquo;examen du brevet de base : on peut donc s&rsquo;inscrire avant<br>&#8211; Passer une visite m\u00e9dicale et \u00eatre d\u00e9clar\u00e9 apte<br>&#8211; Et, bien s\u00fbr, approvisionner son compte, <\/span><span style=\"font-family: Geneva,Arial,Helvetica,san-serif; font-size: small;\">dont le solde doit rester positif,<\/span><span style=\"font-family: Geneva,Arial,Helvetica,san-serif; font-size: small;\"> au sein de l&rsquo;association<\/span><\/h4>\n<\/td><\/tr><\/tbody><\/table><\/figure>\n\n\n\n<p class=\"has-text-align-center\"><span style=\"font-family: Geneva,Arial,Helvetica,san-serif; font-size: small;\">&nbsp;<\/span><\/p>\n\n\n\n<figure class=\"wp-block-image size-large is-resized\"><img loading=\"lazy\" decoding=\"async\" width=\"1024\" height=\"768\" src=\"https:\/\/aeroclub-du-rouergue.com\/WordPress3\/wp-content\/uploads\/2025\/02\/P1060650-1024x768.jpg\" alt=\"\" class=\"wp-image-1931\" style=\"width:439px;height:auto\" srcset=\"https:\/\/aeroclub-du-rouergue.com\/WordPress3\/wp-content\/uploads\/2025\/02\/P1060650-1024x768.jpg 1024w, https:\/\/aeroclub-du-rouergue.com\/WordPress3\/wp-content\/uploads\/2025\/02\/P1060650-300x225.jpg 300w, https:\/\/aeroclub-du-rouergue.com\/WordPress3\/wp-content\/uploads\/2025\/02\/P1060650-150x113.jpg 150w, https:\/\/aeroclub-du-rouergue.com\/WordPress3\/wp-content\/uploads\/2025\/02\/P1060650-768x576.jpg 768w, https:\/\/aeroclub-du-rouergue.com\/WordPress3\/wp-content\/uploads\/2025\/02\/P1060650-1536x1152.jpg 1536w, https:\/\/aeroclub-du-rouergue.com\/WordPress3\/wp-content\/uploads\/2025\/02\/P1060650-2048x1536.jpg 2048w\" sizes=\"auto, (max-width: 1024px) 100vw, 1024px\" \/><\/figure>\n\n\n\n<p><\/p>\n\n\n\n<p>Un bapt\u00eame de l&rsquo;air ? <a href=\"http:\/\/aeroclub-du-rouergue.com\/WordPress3\/le-bapteme\/\">cliquez ici.<\/a><\/p>\n\n\n\n<div align=\"center\"><span style=\"font-family: Geneva,Arial,Helvetica,san-serif; font-size: small;\">&nbsp;<\/span><\/div>\n\n\n\n<p><img loading=\"lazy\" decoding=\"async\" src=\"http:\/\/www.aeroclub-du-rouergue.com\/AeroClubOld\/\/images_avions\/450\/najac002.jpg\" alt=\"\" width=\"450\" height=\"236\"><br><span style=\"font-family: Geneva,Arial,Helvetica,san-serif; font-size: xx-small;\">Najac<\/span><\/p>\n\n\n\n<p><\/p>\n\n\n\n<p>&nbsp;<\/p>\n\n\n\n<p><span style=\"font-family: Geneva,Arial,Helvetica,san-serif; font-size: small;\"><b><span style=\"color: #cc3300;\">C<\/span><\/b><\/span><span style=\"color: #cc3300; font-family: Geneva,Arial,Helvetica,san-serif; font-size: small;\"><b>entre ville proche<br><\/b><\/span><span style=\"font-family: Geneva,Arial,Helvetica,san-serif; font-size: small;\">Le centre ville de Villefranche de Rouergue est \u00e0 20 minutes \u00e0 pied de l&rsquo;a\u00e9rodrome.<\/span><\/p>\n\n\n\n<p><span style=\"font-family: Geneva,Arial,Helvetica,san-serif; font-size: small;\"><strong><span class=\"Apple-converted-space\">Vous pouvez utiliser la navette bus gratuite depuis l&rsquo;arr\u00eat situ\u00e9 en bout de piste 31&nbsp;<\/span><\/strong><br>Vous pouvez visiter la bastide construite en 1252, riche en patrimoine architectural.<br>Vous acc\u00e9derez aussi aux nombreux&nbsp; commerces.<\/span><\/p>\n\n\n\n<p><span style=\"font-family: Geneva,Arial,Helvetica,san-serif; font-size: small;\"><br><\/span>&nbsp;<span class=\"Apple-converted-space\">&nbsp;<\/span><\/p>\n\n\n\n<p><span style=\"font-family: Geneva,Arial,Helvetica,san-serif; font-size: small;\"><b><span style=\"font-family: Geneva,Arial,Helvetica,san-serif; font-size: small;\"><b><span style=\"color: #cc3300;\"><img loading=\"lazy\" decoding=\"async\" src=\"http:\/\/www.aeroclub-du-rouergue.com\/AeroClubOld\/\/images_avions\/450\/villefranche-005.jpg\" alt=\"\" width=\"450\" height=\"300\"><br><span style=\"color: #000000; font-size: xx-small;\">On aper\u00e7oit l&rsquo;extr\u00eamit\u00e9 du terrain en haut \u00e0 gauche<\/span><\/span><\/b><\/span><\/b><\/span><\/p>\n\n\n\n<p>&nbsp;<\/p>\n\n\n\n<p>&nbsp;<\/p>\n\n\n\n<div class=\"wp-block-media-text alignwide is-stacked-on-mobile\"><figure class=\"wp-block-media-text__media\"><img loading=\"lazy\" decoding=\"async\" width=\"1024\" height=\"768\" src=\"https:\/\/aeroclub-du-rouergue.com\/WordPress3\/wp-content\/uploads\/2023\/06\/20230601_191248-1024x768.jpg\" alt=\"\" class=\"wp-image-1805 size-full\" srcset=\"https:\/\/aeroclub-du-rouergue.com\/WordPress3\/wp-content\/uploads\/2023\/06\/20230601_191248-1024x768.jpg 1024w, https:\/\/aeroclub-du-rouergue.com\/WordPress3\/wp-content\/uploads\/2023\/06\/20230601_191248-300x225.jpg 300w, https:\/\/aeroclub-du-rouergue.com\/WordPress3\/wp-content\/uploads\/2023\/06\/20230601_191248-150x113.jpg 150w, https:\/\/aeroclub-du-rouergue.com\/WordPress3\/wp-content\/uploads\/2023\/06\/20230601_191248-768x576.jpg 768w, https:\/\/aeroclub-du-rouergue.com\/WordPress3\/wp-content\/uploads\/2023\/06\/20230601_191248-1536x1152.jpg 1536w, https:\/\/aeroclub-du-rouergue.com\/WordPress3\/wp-content\/uploads\/2023\/06\/20230601_191248-2048x1536.jpg 2048w\" sizes=\"auto, (max-width: 1024px) 100vw, 1024px\" \/><\/figure><div class=\"wp-block-media-text__content\">\n<p>Le restaurant de l&rsquo;a\u00e9rodrome, \u00ab\u00a0THE PELICAN,S\u00a0\u00bb est ouvert depuis le 1\u00b0 septembre 2025.<\/p>\n\n\n\n<p>Contact : TEL: 06 26 03 41 99  <\/p>\n\n\n\n<p>MAIL: thepelicansbar@gmail.com<\/p>\n\n\n\n<p><\/p>\n<\/div><\/div>\n","protected":false},"excerpt":{"rendered":"<p>Inscription au club Si vous d\u00e9sirez r\u00e9aliser votre r\u00eave et apprendre \u00e0 voler :&#8211; Avoir 15 ans r\u00e9volus le jour de l&rsquo;examen du brevet de base : on peut donc s&rsquo;inscrire avant&#8211; Passer une visite m\u00e9dicale et \u00eatre d\u00e9clar\u00e9 apte&#8211; Et, bien s\u00fbr, approvisionner son compte, dont le solde doit rester positif, au sein de [&hellip;]<\/p>\n","protected":false},"author":1,"featured_media":0,"parent":0,"menu_order":4,"comment_status":"open","ping_status":"open","template":"","meta":{"ngg_post_thumbnail":0,"spay_email":"","footnotes":""},"class_list":["post-15","page","type-page","status-publish","hentry"],"_links":{"self":[{"href":"https:\/\/aeroclub-du-rouergue.com\/WordPress3\/wp-json\/wp\/v2\/pages\/15","targetHints":{"allow":["GET"]}}],"collection":[{"href":"https:\/\/aeroclub-du-rouergue.com\/WordPress3\/wp-json\/wp\/v2\/pages"}],"about":[{"href":"https:\/\/aeroclub-du-rouergue.com\/WordPress3\/wp-json\/wp\/v2\/types\/page"}],"author":[{"embeddable":true,"href":"https:\/\/aeroclub-du-rouergue.com\/WordPress3\/wp-json\/wp\/v2\/users\/1"}],"replies":[{"embeddable":true,"href":"https:\/\/aeroclub-du-rouergue.com\/WordPress3\/wp-json\/wp\/v2\/comments?post=15"}],"version-history":[{"count":19,"href":"https:\/\/aeroclub-du-rouergue.com\/WordPress3\/wp-json\/wp\/v2\/pages\/15\/revisions"}],"predecessor-version":[{"id":1993,"href":"https:\/\/aeroclub-du-rouergue.com\/WordPress3\/wp-json\/wp\/v2\/pages\/15\/revisions\/1993"}],"wp:attachment":[{"href":"https:\/\/aeroclub-du-rouergue.com\/WordPress3\/wp-json\/wp\/v2\/media?parent=15"}],"curies":[{"name":"wp","href":"https:\/\/api.w.org\/{rel}","templated":true}]}}