{"id":17,"date":"2013-06-06T11:12:47","date_gmt":"2013-06-06T09:12:47","guid":{"rendered":"http:\/\/aeroclub-du-rouergue.com\/WordPress3\/?page_id=17"},"modified":"2025-04-15T21:30:57","modified_gmt":"2025-04-15T19:30:57","slug":"le-bureau","status":"publish","type":"page","link":"https:\/\/aeroclub-du-rouergue.com\/WordPress3\/le-bureau\/","title":{"rendered":"Le bureau"},"content":{"rendered":"<p style=\"text-align: center;\">Les membres du conseil administratif ont \u00e9lu le bureau suivant, le 26 mars 2025<\/p>\n<p style=\"text-align: center;\">Pr\u00e9sident : Didier MARTY<\/p>\n<p style=\"text-align: center;\">Tr\u00e9sorier : Fr\u00e9d\u00e9ric ROLAND<\/p>\n<p style=\"text-align: center;\">Secr\u00e9taire : Josiane MAILLARD<\/p>\n<p style=\"text-align: center;\">Instructeurs : Jean-Michel MAURON &#8211; Fr\u00e9d\u00e9ric ROLAND<\/p>\n<p style=\"text-align: center;\"><img loading=\"lazy\" decoding=\"async\" class=\"alignright wp-image-1947 size-full\" src=\"https:\/\/aeroclub-du-rouergue.com\/WordPress3\/wp-content\/uploads\/2025\/04\/IMG_3543.jpg\" alt=\"\" width=\"4320\" height=\"2880\" srcset=\"https:\/\/aeroclub-du-rouergue.com\/WordPress3\/wp-content\/uploads\/2025\/04\/IMG_3543.jpg 4320w, https:\/\/aeroclub-du-rouergue.com\/WordPress3\/wp-content\/uploads\/2025\/04\/IMG_3543-300x200.jpg 300w, https:\/\/aeroclub-du-rouergue.com\/WordPress3\/wp-content\/uploads\/2025\/04\/IMG_3543-1024x683.jpg 1024w, https:\/\/aeroclub-du-rouergue.com\/WordPress3\/wp-content\/uploads\/2025\/04\/IMG_3543-150x100.jpg 150w, https:\/\/aeroclub-du-rouergue.com\/WordPress3\/wp-content\/uploads\/2025\/04\/IMG_3543-768x512.jpg 768w, https:\/\/aeroclub-du-rouergue.com\/WordPress3\/wp-content\/uploads\/2025\/04\/IMG_3543-1536x1024.jpg 1536w, https:\/\/aeroclub-du-rouergue.com\/WordPress3\/wp-content\/uploads\/2025\/04\/IMG_3543-2048x1365.jpg 2048w\" sizes=\"auto, (max-width: 4320px) 100vw, 4320px\" \/><\/p>\n\n\n<p><\/p>\n","protected":false},"excerpt":{"rendered":"<p>Les membres du conseil administratif ont \u00e9lu le bureau suivant, le 26 mars 2025 Pr\u00e9sident : Didier MARTY Tr\u00e9sorier : Fr\u00e9d\u00e9ric ROLAND Secr\u00e9taire : Josiane MAILLARD Instructeurs : Jean-Michel MAURON &#8211; Fr\u00e9d\u00e9ric ROLAND<\/p>\n","protected":false},"author":1,"featured_media":0,"parent":0,"menu_order":7,"comment_status":"open","ping_status":"open","template":"","meta":{"ngg_post_thumbnail":0,"spay_email":"","footnotes":""},"class_list":["post-17","page","type-page","status-publish","hentry"],"_links":{"self":[{"href":"https:\/\/aeroclub-du-rouergue.com\/WordPress3\/wp-json\/wp\/v2\/pages\/17","targetHints":{"allow":["GET"]}}],"collection":[{"href":"https:\/\/aeroclub-du-rouergue.com\/WordPress3\/wp-json\/wp\/v2\/pages"}],"about":[{"href":"https:\/\/aeroclub-du-rouergue.com\/WordPress3\/wp-json\/wp\/v2\/types\/page"}],"author":[{"embeddable":true,"href":"https:\/\/aeroclub-du-rouergue.com\/WordPress3\/wp-json\/wp\/v2\/users\/1"}],"replies":[{"embeddable":true,"href":"https:\/\/aeroclub-du-rouergue.com\/WordPress3\/wp-json\/wp\/v2\/comments?post=17"}],"version-history":[{"count":22,"href":"https:\/\/aeroclub-du-rouergue.com\/WordPress3\/wp-json\/wp\/v2\/pages\/17\/revisions"}],"predecessor-version":[{"id":1948,"href":"https:\/\/aeroclub-du-rouergue.com\/WordPress3\/wp-json\/wp\/v2\/pages\/17\/revisions\/1948"}],"wp:attachment":[{"href":"https:\/\/aeroclub-du-rouergue.com\/WordPress3\/wp-json\/wp\/v2\/media?parent=17"}],"curies":[{"name":"wp","href":"https:\/\/api.w.org\/{rel}","templated":true}]}}