{"id":2,"date":"2013-04-13T20:00:27","date_gmt":"2013-04-13T20:00:27","guid":{"rendered":"http:\/\/aeroclub-du-rouergue.com\/WordPress3\/\/?page_id=2"},"modified":"2020-07-14T19:53:10","modified_gmt":"2020-07-14T17:53:10","slug":"about","status":"publish","type":"page","link":"https:\/\/aeroclub-du-rouergue.com\/WordPress3\/about\/","title":{"rendered":"Net Air Club"},"content":{"rendered":"\n<p><\/p>\n\n\n<p style=\"text-align: center;\">Pour acc\u00e9der au formulaire de r\u00e9servation de l&rsquo;a\u00e9roclub via un navigateur web cliquez sur ce lien :<\/p>\n<h1 style=\"text-align: center;\"><a href=\"https:\/\/app.netairclub.com\/acrouergue\/\" target=\"_blank\" rel=\"noopener noreferrer\"><span style=\"color: #0000ff;\">Net Air Club<\/span><\/a><\/h1>\n<p>Ou bien t\u00e9l\u00e9chargez l&rsquo;application et installez-l\u00e0 sur votre ordinateur :<\/p>\n<h2 style=\"text-align: center;\"><a href=\"https:\/\/app.netairclub.com\/acrouergue\/download.php?file=NAC\"><span style=\"color: #0000ff;\">https:\/\/app.netairclub.com\/acrouergue\/download.php?file=NAC<\/span><\/a><\/h2>\n<p>&nbsp;<\/p>\n<p style=\"text-align: center;\">Votre identifiant et mot de passe vous seront donn\u00e9s par courriel, ou bien au sein du club, ainsi qu&rsquo;un mode d&#8217;emploi.<\/p>\n<p>Vous pouvez cr\u00e9er un raccourci sur votre bureau pour y acc\u00e9der directement.<\/p>\n<ul>\n<li><span style=\"color: #ff0000;\">N&rsquo;oubliez pas de tenir votre fiche \u00e0 jour, compl\u00e9tez-la si besoin<\/span>, des renseignements manquants (licences, vol de contr\u00f4le) peuvent vous interdire la r\u00e9servation d&rsquo;un a\u00e9ronef. En particulier votre adresse mail nous est n\u00e9cessaire pour vous joindre.<\/li>\n<li><span style=\"color: #ff0000;\">De la m\u00eame fa\u00e7on, vous ne pourrez r\u00e9server si votre solde est inf\u00e9rieur \u00e0 50 \u20ac.<\/span><\/li>\n<\/ul>\n<p>Toutefois, <span style=\"color: #ff0000;\">sur l&rsquo;ordinateur du club seulement<\/span>, vous pouvez approvisionner <em>imm\u00e9diatement<\/em> votre compte afin de pouvoir r\u00e9server :<\/p>\n<ul>\n<li>par ch\u00e8que \u00e0 d\u00e9poser dans la bo\u00eete aux lettres<\/li>\n<li>en esp\u00e8ces<\/li>\n<li>par virement (RIB affich\u00e9 pr\u00e8s de l&rsquo;ordinateur des pilotes)<\/li>\n<\/ul>\n<p>Dans les deux premiers cas, mettez le ch\u00e8que nu (ou le r\u00e8glement en esp\u00e8ces dans une enveloppe) avec le num\u00e9ro de transaction fourni par le logiciel. Le tr\u00e9sorier v\u00e9rifiera <em>a posteriori<\/em> la validit\u00e9 du versement.<\/p>\n<p>Bien s\u00fbr vous pouvez aussi effectuer votre r\u00e8glement comme par le pass\u00e9 (ch\u00e8que, esp\u00e8ces, virement) sans le renseigner dans Net Air Club, en ce cas, il sera pris en compte bien plus tard, \u00e0 r\u00e9ception par le tr\u00e9sorier des relev\u00e9s bancaires.<\/p>","protected":false},"excerpt":{"rendered":"<p>Pour acc\u00e9der au formulaire de r\u00e9servation de l&rsquo;a\u00e9roclub via un navigateur web cliquez sur ce lien : Net Air Club Ou bien t\u00e9l\u00e9chargez l&rsquo;application et installez-l\u00e0 sur votre ordinateur : https:\/\/app.netairclub.com\/acrouergue\/download.php?file=NAC &nbsp; Votre identifiant et mot de passe vous seront donn\u00e9s par courriel, ou bien au sein du club, ainsi qu&rsquo;un mode d&#8217;emploi. Vous pouvez [&hellip;]<\/p>\n","protected":false},"author":1,"featured_media":0,"parent":0,"menu_order":12,"comment_status":"open","ping_status":"open","template":"","meta":{"ngg_post_thumbnail":0,"spay_email":"","footnotes":""},"class_list":["post-2","page","type-page","status-publish","hentry"],"_links":{"self":[{"href":"https:\/\/aeroclub-du-rouergue.com\/WordPress3\/wp-json\/wp\/v2\/pages\/2","targetHints":{"allow":["GET"]}}],"collection":[{"href":"https:\/\/aeroclub-du-rouergue.com\/WordPress3\/wp-json\/wp\/v2\/pages"}],"about":[{"href":"https:\/\/aeroclub-du-rouergue.com\/WordPress3\/wp-json\/wp\/v2\/types\/page"}],"author":[{"embeddable":true,"href":"https:\/\/aeroclub-du-rouergue.com\/WordPress3\/wp-json\/wp\/v2\/users\/1"}],"replies":[{"embeddable":true,"href":"https:\/\/aeroclub-du-rouergue.com\/WordPress3\/wp-json\/wp\/v2\/comments?post=2"}],"version-history":[{"count":24,"href":"https:\/\/aeroclub-du-rouergue.com\/WordPress3\/wp-json\/wp\/v2\/pages\/2\/revisions"}],"predecessor-version":[{"id":1077,"href":"https:\/\/aeroclub-du-rouergue.com\/WordPress3\/wp-json\/wp\/v2\/pages\/2\/revisions\/1077"}],"wp:attachment":[{"href":"https:\/\/aeroclub-du-rouergue.com\/WordPress3\/wp-json\/wp\/v2\/media?parent=2"}],"curies":[{"name":"wp","href":"https:\/\/api.w.org\/{rel}","templated":true}]}}