{"id":21,"date":"2013-06-06T11:13:45","date_gmt":"2013-06-06T09:13:45","guid":{"rendered":"http:\/\/aeroclub-du-rouergue.com\/WordPress3\/?page_id=21"},"modified":"2018-01-16T14:08:13","modified_gmt":"2018-01-16T13:08:13","slug":"contact","status":"publish","type":"page","link":"https:\/\/aeroclub-du-rouergue.com\/WordPress3\/contact\/","title":{"rendered":"Contacts"},"content":{"rendered":"<p align=\"center\"><span style=\"color: #008000;\">Aero-Club du Rouergue<\/span><br \/>\n<span style=\"color: #008000;\"> A\u00e9rodrome de Graves<\/span><br \/>\n<span style=\"color: #008000;\"> 12200 Villefranche de Rouergue<\/span><\/p>\n<p align=\"center\">Nous sommes plus de 70 pilotes (avions et ULM confondus)<br \/>\nqui totalisons entre 550 et 650 heures de vol par an.<\/p>\n<p align=\"center\">Nous vous proposons \u00e0 tous de venir&nbsp;<br \/>\nd\u00e9couvrir la r\u00e9gion villefranchoise vue du ciel,&nbsp;<br \/>\net \u00e0 ceux qui ne l&rsquo;ont jamais fait, de s&rsquo;offrir un bapt\u00eame de l&rsquo;air !<br \/>\n&nbsp;<span style=\"color: #0000ff;\">Pour les plus passionn\u00e9s,&nbsp;<\/span><br \/>\n<span style=\"color: #0000ff;\"> nous vous invitons \u00e0 vous&nbsp;inscrire \u00e0 l&rsquo;a\u00e9roclub du Rouergue&nbsp;<\/span><br \/>\n<span style=\"color: #0000ff;\"> et profiter de notre&nbsp;\u00e9cole de pilotage avion et ULM<\/span><\/p>\n<p><em><strong><span style=\"color: #ff0000;\">Renseignements pour un vol de d\u00e9couverte (bapt\u00eame de l&rsquo;air)<\/span><\/strong><\/em><em><strong><span style=\"color: #ff0000;\"> ou un vol d&rsquo;initiation (en double commande) ?<\/span><\/strong><\/em><br \/>\n<div role=\"form\" class=\"wpcf7\" id=\"wpcf7-f566-o1\" lang=\"fr-FR\" dir=\"ltr\">\n<div class=\"screen-reader-response\"><p role=\"status\" aria-live=\"polite\" aria-atomic=\"true\"><\/p> <ul><\/ul><\/div>\n<form action=\"\/WordPress3\/wp-json\/wp\/v2\/pages\/21#wpcf7-f566-o1\" method=\"post\" class=\"wpcf7-form init\" novalidate=\"novalidate\" data-status=\"init\">\n<div style=\"display: none;\">\n<input type=\"hidden\" name=\"_wpcf7\" value=\"566\" \/>\n<input type=\"hidden\" name=\"_wpcf7_version\" value=\"5.5.6\" \/>\n<input type=\"hidden\" name=\"_wpcf7_locale\" value=\"fr_FR\" \/>\n<input type=\"hidden\" name=\"_wpcf7_unit_tag\" value=\"wpcf7-f566-o1\" \/>\n<input type=\"hidden\" name=\"_wpcf7_container_post\" value=\"0\" \/>\n<input type=\"hidden\" name=\"_wpcf7_posted_data_hash\" value=\"\" \/>\n<\/div>\n<p>Votre nom (obligatoire)<br \/>\n    <span class=\"wpcf7-form-control-wrap your-name\"><input type=\"text\" name=\"your-name\" value=\"\" size=\"40\" class=\"wpcf7-form-control wpcf7-text wpcf7-validates-as-required\" aria-required=\"true\" aria-invalid=\"false\" \/><\/span> <\/p>\n<p>Votre email (obligatoire)<br \/>\n    <span class=\"wpcf7-form-control-wrap your-email\"><input type=\"email\" name=\"your-email\" value=\"\" size=\"40\" class=\"wpcf7-form-control wpcf7-text wpcf7-email wpcf7-validates-as-required wpcf7-validates-as-email\" aria-required=\"true\" aria-invalid=\"false\" \/><\/span> <\/p>\n<p>Votre message, pr\u00e9cisez \u00e9ventuellement votre t\u00e9l\u00e9phone,<\/p>\n<p>le nom des personnes \u00e0 qui vous offrez un bapt\u00eame,<\/p>\n<p>et tous renseignements utiles <br \/>\n    <span class=\"wpcf7-form-control-wrap your-message\"><textarea name=\"your-message\" cols=\"40\" rows=\"10\" class=\"wpcf7-form-control wpcf7-textarea\" aria-invalid=\"false\"><\/textarea><\/span> <\/p>\n<p><input type=\"submit\" value=\"Envoyer\" class=\"wpcf7-form-control has-spinner wpcf7-submit\" \/><\/p>\n<div class=\"wpcf7-response-output\" aria-hidden=\"true\"><\/div><\/form><\/div><\/p>\n<p><em><strong><span style=\"color: #ff0000;\">Contacter le bureau (demande de renseignements&#8230;) :<\/span><\/strong><\/em><br \/>\n<div role=\"form\" class=\"wpcf7\" id=\"wpcf7-f113-o2\" lang=\"en-US\" dir=\"ltr\">\n<div class=\"screen-reader-response\"><p role=\"status\" aria-live=\"polite\" aria-atomic=\"true\"><\/p> <ul><\/ul><\/div>\n<form action=\"\/WordPress3\/wp-json\/wp\/v2\/pages\/21#wpcf7-f113-o2\" method=\"post\" class=\"wpcf7-form init\" novalidate=\"novalidate\" data-status=\"init\">\n<div style=\"display: none;\">\n<input type=\"hidden\" name=\"_wpcf7\" value=\"113\" \/>\n<input type=\"hidden\" name=\"_wpcf7_version\" value=\"5.5.6\" \/>\n<input type=\"hidden\" name=\"_wpcf7_locale\" value=\"en_US\" \/>\n<input type=\"hidden\" name=\"_wpcf7_unit_tag\" value=\"wpcf7-f113-o2\" \/>\n<input type=\"hidden\" name=\"_wpcf7_container_post\" value=\"0\" \/>\n<input type=\"hidden\" name=\"_wpcf7_posted_data_hash\" value=\"\" \/>\n<\/div>\n<p>Votre nom (obligatoire)<br \/>\n    <span class=\"wpcf7-form-control-wrap your-name\"><input type=\"text\" name=\"your-name\" value=\"\" size=\"40\" class=\"wpcf7-form-control wpcf7-text wpcf7-validates-as-required\" aria-required=\"true\" aria-invalid=\"false\" \/><\/span> <\/p>\n<p>Votre email (obligatoire)<br \/>\n    <span class=\"wpcf7-form-control-wrap your-email\"><input type=\"email\" name=\"your-email\" value=\"\" size=\"40\" class=\"wpcf7-form-control wpcf7-text wpcf7-email wpcf7-validates-as-required wpcf7-validates-as-email\" aria-required=\"true\" aria-invalid=\"false\" \/><\/span> <\/p>\n<p>Sujet<br \/>\n    <span class=\"wpcf7-form-control-wrap your-subject\"><input type=\"text\" name=\"your-subject\" value=\"\" size=\"40\" class=\"wpcf7-form-control wpcf7-text\" aria-invalid=\"false\" \/><\/span> <\/p>\n<p>Votre message<br \/>\n    <span class=\"wpcf7-form-control-wrap your-message\"><textarea name=\"your-message\" cols=\"40\" rows=\"10\" class=\"wpcf7-form-control wpcf7-textarea\" aria-invalid=\"false\"><\/textarea><\/span> <\/p>\n<p><input type=\"submit\" value=\"Envoyer\" class=\"wpcf7-form-control has-spinner wpcf7-submit\" \/><\/p>\n<div class=\"wpcf7-response-output\" aria-hidden=\"true\"><\/div><\/form><\/div><\/p>\n<p><em><strong><span style=\"color: #ff0000;\">Contacter le webmaster (\u00e9mettre une suggestions, signaler des fautes, obtenir un acc\u00e8s de r\u00e9dacteur&#8230;) :<\/span><\/strong><\/em><br \/>\n<div role=\"form\" class=\"wpcf7\" id=\"wpcf7-f58-o3\" lang=\"en-US\" dir=\"ltr\">\n<div class=\"screen-reader-response\"><p role=\"status\" aria-live=\"polite\" aria-atomic=\"true\"><\/p> <ul><\/ul><\/div>\n<form action=\"\/WordPress3\/wp-json\/wp\/v2\/pages\/21#wpcf7-f58-o3\" method=\"post\" class=\"wpcf7-form init\" novalidate=\"novalidate\" data-status=\"init\">\n<div style=\"display: none;\">\n<input type=\"hidden\" name=\"_wpcf7\" value=\"58\" \/>\n<input type=\"hidden\" name=\"_wpcf7_version\" value=\"5.5.6\" \/>\n<input type=\"hidden\" name=\"_wpcf7_locale\" value=\"en_US\" \/>\n<input type=\"hidden\" name=\"_wpcf7_unit_tag\" value=\"wpcf7-f58-o3\" \/>\n<input type=\"hidden\" name=\"_wpcf7_container_post\" value=\"0\" \/>\n<input type=\"hidden\" name=\"_wpcf7_posted_data_hash\" value=\"\" \/>\n<\/div>\n<p>Votre nom (obligatoire)<br \/>\n    <span class=\"wpcf7-form-control-wrap your-name\"><input type=\"text\" name=\"your-name\" value=\"\" size=\"40\" class=\"wpcf7-form-control wpcf7-text wpcf7-validates-as-required\" aria-required=\"true\" aria-invalid=\"false\" \/><\/span> <\/p>\n<p>Votre email (obligatoire)<br \/>\n    <span class=\"wpcf7-form-control-wrap your-email\"><input type=\"email\" name=\"your-email\" value=\"\" size=\"40\" class=\"wpcf7-form-control wpcf7-text wpcf7-email wpcf7-validates-as-required wpcf7-validates-as-email\" aria-required=\"true\" aria-invalid=\"false\" \/><\/span> <\/p>\n<p>Sujet<br \/>\n    <span class=\"wpcf7-form-control-wrap your-subject\"><input type=\"text\" name=\"your-subject\" value=\"\" size=\"40\" class=\"wpcf7-form-control wpcf7-text\" aria-invalid=\"false\" \/><\/span> <\/p>\n<p>Votre message<br \/>\n    <span class=\"wpcf7-form-control-wrap your-message\"><textarea name=\"your-message\" cols=\"40\" rows=\"10\" class=\"wpcf7-form-control wpcf7-textarea\" aria-invalid=\"false\"><\/textarea><\/span> <\/p>\n<p><input type=\"submit\" value=\"Envoyer\" class=\"wpcf7-form-control has-spinner wpcf7-submit\" \/><\/p>\n<div class=\"wpcf7-response-output\" aria-hidden=\"true\"><\/div><\/form><\/div><\/p>\n","protected":false},"excerpt":{"rendered":"<p>Aero-Club du Rouergue A\u00e9rodrome de Graves 12200 Villefranche de Rouergue Nous sommes plus de 70 pilotes (avions et ULM confondus) qui totalisons entre 550 et 650 heures de vol par an. Nous vous proposons \u00e0 tous de venir&nbsp; d\u00e9couvrir la r\u00e9gion villefranchoise vue du ciel,&nbsp; et \u00e0 ceux qui ne l&rsquo;ont jamais fait, de s&rsquo;offrir [&hellip;]<\/p>\n","protected":false},"author":1,"featured_media":0,"parent":0,"menu_order":9,"comment_status":"open","ping_status":"open","template":"","meta":{"ngg_post_thumbnail":0,"spay_email":"","footnotes":""},"class_list":["post-21","page","type-page","status-publish","hentry"],"_links":{"self":[{"href":"https:\/\/aeroclub-du-rouergue.com\/WordPress3\/wp-json\/wp\/v2\/pages\/21","targetHints":{"allow":["GET"]}}],"collection":[{"href":"https:\/\/aeroclub-du-rouergue.com\/WordPress3\/wp-json\/wp\/v2\/pages"}],"about":[{"href":"https:\/\/aeroclub-du-rouergue.com\/WordPress3\/wp-json\/wp\/v2\/types\/page"}],"author":[{"embeddable":true,"href":"https:\/\/aeroclub-du-rouergue.com\/WordPress3\/wp-json\/wp\/v2\/users\/1"}],"replies":[{"embeddable":true,"href":"https:\/\/aeroclub-du-rouergue.com\/WordPress3\/wp-json\/wp\/v2\/comments?post=21"}],"version-history":[{"count":11,"href":"https:\/\/aeroclub-du-rouergue.com\/WordPress3\/wp-json\/wp\/v2\/pages\/21\/revisions"}],"predecessor-version":[{"id":850,"href":"https:\/\/aeroclub-du-rouergue.com\/WordPress3\/wp-json\/wp\/v2\/pages\/21\/revisions\/850"}],"wp:attachment":[{"href":"https:\/\/aeroclub-du-rouergue.com\/WordPress3\/wp-json\/wp\/v2\/media?parent=21"}],"curies":[{"name":"wp","href":"https:\/\/api.w.org\/{rel}","templated":true}]}}