{"id":561,"date":"2015-10-24T09:03:06","date_gmt":"2015-10-24T07:03:06","guid":{"rendered":"http:\/\/aeroclub-du-rouergue.com\/WordPress3\/?page_id=561"},"modified":"2025-02-26T22:00:51","modified_gmt":"2025-02-26T21:00:51","slug":"le-bapteme","status":"publish","type":"page","link":"https:\/\/aeroclub-du-rouergue.com\/WordPress3\/le-bapteme\/","title":{"rendered":"VOLS D\u00c9COUVERTE ET D\u2019INITIATION &#8211; TARIFS"},"content":{"rendered":"<p style=\"text-align: center;\"><strong><span style=\"color: #ff0000;\"><span style=\"font-family: Geneva,Arial,Helvetica,san-serif; font-size: small;\">B<\/span><span style=\"font-family: Geneva,Arial,Helvetica,san-serif; font-size: small;\">apt\u00eames de l&rsquo;air<\/span><\/span><\/strong><\/p>\n<p style=\"text-align: center;\">(Nomm\u00e9s maintenant officiellement \u00ab\u00a0Vols de d\u00e9couverte\u00a0\u00bb)<\/p>\n<div align=\"center\">\n<p><strong><u>Vol d\u00e9couverte&nbsp;:<\/u><\/strong><\/p>\n<p>Les \u00ab\u00a0Bapt\u00eames de l\u2019air\u00a0\u00bb sont nomm\u00e9s maintenant officiellement \u00ab&nbsp;Vols de d\u00e9couverte&nbsp;\u00bb<\/p>\n<p>L\u2019a\u00e9roclub du Rouergue vous propose des \u00ab Vols de d\u00e9couverte \u00bb d\u2019une dur\u00e9e de 30 minutes de vol dans la r\u00e9gion villefranchoise ou vers des circuits touristiques tels que : la vall\u00e9e du Lot, Najac, Loc Dieu\u2026<\/p>\n<p><strong>En avion DR400 :<\/strong><\/p>\n<p>1 personne = 90\u20ac<\/p>\n<p>2 personnes = 100\u20ac&nbsp;<\/p>\n<p>3 personnes = 110\u20ac&nbsp;<\/p>\n<p><strong>En ULM Super Gu\u00e9pard :<\/strong><\/p>\n<p>1 personne = 65\u20ac<\/p>\n<p>&nbsp;<\/p>\n<p><strong><u>Vol d&rsquo;initiation :<\/u><\/strong><\/p>\n<p>Apr\u00e8s un briefing, un vol d\u2019une dur\u00e9e d\u2019une trentaine de minutes, autour de Villefranche de Rouergue, en place Pilote, guid\u00e9 par un Instructeur et suivi d\u2019un d\u00e9briefing.<\/p>\n<p><strong>En Avion DR400 = 115\u20ac&nbsp;<\/strong><\/p>\n<p><strong>En ULM Super Gu\u00e9pard = 75 \u20ac<\/strong><\/p>\n<\/div>\n<p>&nbsp;<\/p>\n<p style=\"text-align: center;\">Apr\u00e8s votre r\u00e9servation, pour prendre le rendez vous et pour obtenir des informations compl\u00e9mentaires vous devez contacter :<\/p>\n<p style=\"text-align: center;\"><strong>Mr Jean-Michel MAURON pour les vols d&rsquo;initiations : 06 24 01 25 18<\/strong><\/p>\n<p style=\"text-align: center;\"><strong>Mr Fr\u00e9d\u00e9ric ROLAND pour les vols d\u00e9couvertes et d&rsquo;initiation : 06 72 04 64 92<\/strong><\/p>\n<p style=\"text-align: center;\">Lors du paiement, il sera n\u00e9cessaire d&rsquo;indiquer la masse de chaque passager. Dans certaines configurations, uniquement deux passagers pourront embarquer. Le pilote d\u00e9terminera la faisabilit\u00e9 du vol en fonction des conditions journali\u00e8re.<\/p>\n<p style=\"text-align: center;\">&nbsp;<\/p>\n<p style=\"text-align: center;\">Indiquer 0 kg si pas de passager.<\/p>\n<p style=\"text-align: center;\">&nbsp;<\/p>\n<p style=\"text-align: center;\">Nos activit\u00e9s d\u00e9pendent en partie de la m\u00e9t\u00e9o, parfois, plusieurs jours de patience sont n\u00e9cessaires avant de pouvoir prendre les airs. Si aucune issue n\u2019est envisageable et que le vol n\u2019a pas pu \u00eatre r\u00e9alis\u00e9 ou ne pourra pas \u00eatre r\u00e9alis\u00e9 (contraintes m\u00e9t\u00e9o, d\u00e9lais, planification, disponibilit\u00e9 des pilotes b\u00e9n\u00e9voles) un remboursement pourra \u00eatre effectu\u00e9. En vous remercient d\u2019avance pour votre patience et coop\u00e9ration.<\/p>\n<p style=\"text-align: center;\">R\u00e9servez vos vols de d\u00e9couverte et d&rsquo;initiation ici : <a href=\"https:\/\/www.payassociation.fr\/aeroclubdurouergue\/paiement\">https:\/\/www.payassociation.fr\/aeroclubdurouergue\/paiement<\/a><\/p>\n<p style=\"text-align: center;\">L\u2019A\u00e9roclub du Rouergue<\/p>\n\n\n<figure class=\"wp-block-image size-large\"><img loading=\"lazy\" decoding=\"async\" width=\"1024\" height=\"683\" src=\"https:\/\/aeroclub-du-rouergue.com\/WordPress3\/wp-content\/uploads\/2025\/02\/IMG_2131-1024x683.jpg\" alt=\"\" class=\"wp-image-1940\" srcset=\"https:\/\/aeroclub-du-rouergue.com\/WordPress3\/wp-content\/uploads\/2025\/02\/IMG_2131-1024x683.jpg 1024w, https:\/\/aeroclub-du-rouergue.com\/WordPress3\/wp-content\/uploads\/2025\/02\/IMG_2131-300x200.jpg 300w, https:\/\/aeroclub-du-rouergue.com\/WordPress3\/wp-content\/uploads\/2025\/02\/IMG_2131-150x100.jpg 150w, https:\/\/aeroclub-du-rouergue.com\/WordPress3\/wp-content\/uploads\/2025\/02\/IMG_2131-768x512.jpg 768w, https:\/\/aeroclub-du-rouergue.com\/WordPress3\/wp-content\/uploads\/2025\/02\/IMG_2131-1536x1024.jpg 1536w, https:\/\/aeroclub-du-rouergue.com\/WordPress3\/wp-content\/uploads\/2025\/02\/IMG_2131-2048x1365.jpg 2048w\" sizes=\"auto, (max-width: 1024px) 100vw, 1024px\" \/><\/figure>\n","protected":false},"excerpt":{"rendered":"<p>Bapt\u00eames de l&rsquo;air (Nomm\u00e9s maintenant officiellement \u00ab\u00a0Vols de d\u00e9couverte\u00a0\u00bb) Vol d\u00e9couverte&nbsp;: Les \u00ab\u00a0Bapt\u00eames de l\u2019air\u00a0\u00bb sont nomm\u00e9s maintenant officiellement \u00ab&nbsp;Vols de d\u00e9couverte&nbsp;\u00bb L\u2019a\u00e9roclub du Rouergue vous propose des \u00ab Vols de d\u00e9couverte \u00bb d\u2019une dur\u00e9e de 30 minutes de vol dans la r\u00e9gion villefranchoise ou vers des circuits touristiques tels que : la vall\u00e9e du [&hellip;]<\/p>\n","protected":false},"author":1,"featured_media":0,"parent":0,"menu_order":6,"comment_status":"closed","ping_status":"closed","template":"","meta":{"ngg_post_thumbnail":0,"spay_email":"","footnotes":""},"class_list":["post-561","page","type-page","status-publish","hentry"],"_links":{"self":[{"href":"https:\/\/aeroclub-du-rouergue.com\/WordPress3\/wp-json\/wp\/v2\/pages\/561","targetHints":{"allow":["GET"]}}],"collection":[{"href":"https:\/\/aeroclub-du-rouergue.com\/WordPress3\/wp-json\/wp\/v2\/pages"}],"about":[{"href":"https:\/\/aeroclub-du-rouergue.com\/WordPress3\/wp-json\/wp\/v2\/types\/page"}],"author":[{"embeddable":true,"href":"https:\/\/aeroclub-du-rouergue.com\/WordPress3\/wp-json\/wp\/v2\/users\/1"}],"replies":[{"embeddable":true,"href":"https:\/\/aeroclub-du-rouergue.com\/WordPress3\/wp-json\/wp\/v2\/comments?post=561"}],"version-history":[{"count":25,"href":"https:\/\/aeroclub-du-rouergue.com\/WordPress3\/wp-json\/wp\/v2\/pages\/561\/revisions"}],"predecessor-version":[{"id":1941,"href":"https:\/\/aeroclub-du-rouergue.com\/WordPress3\/wp-json\/wp\/v2\/pages\/561\/revisions\/1941"}],"wp:attachment":[{"href":"https:\/\/aeroclub-du-rouergue.com\/WordPress3\/wp-json\/wp\/v2\/media?parent=561"}],"curies":[{"name":"wp","href":"https:\/\/api.w.org\/{rel}","templated":true}]}}